{"id":819,"date":"2018-08-31T18:33:36","date_gmt":"2018-08-31T21:33:36","guid":{"rendered":"https:\/\/9dejulio-tuc.infd.edu.ar\/sitio\/carreras\/"},"modified":"2020-04-18T00:36:50","modified_gmt":"2020-04-18T03:36:50","slug":"carreras","status":"publish","type":"page","link":"https:\/\/9dejulio-tuc.infd.edu.ar\/sitio\/carreras\/","title":{"rendered":"Carreras"},"content":{"rendered":"<p><img decoding=\"async\" loading=\"lazy\" class=\"alignnone wp-image-1687\" src=\"https:\/\/9dejulio-tuc.infd.edu.ar\/sitio\/wp-content\/uploads\/2020\/04\/carreras1.jpg\" alt=\"\" width=\"366\" height=\"139\" \/><\/p>\n<p><strong>T\u00e9cnicaturas de 3 a\u00f1os de duraci\u00f3n<\/strong><\/p>\n<ul>\n<li>T\u00e9cnico Superior en Desarrollo de Software<\/li>\n<li>T\u00e9cnico en Administraci\u00f3n de Empresas<\/li>\n<\/ul>\n<p><strong>Profesorados de 4 a\u00f1os de duraci\u00f3n<\/strong><\/p>\n<ul>\n<li>Profesorado de Educaci\u00f3n Tecnol\u00f3gica<\/li>\n<li>Profesorado de Educaci\u00f3n Primaria<\/li>\n<li>Profesorado de Educaci\u00f3n Secundaria en Historia<\/li>\n<\/ul>\n<p>&nbsp;<\/p>\n","protected":false},"excerpt":{"rendered":"<p>T\u00e9cnicaturas de 3 a\u00f1os de duraci\u00f3n T\u00e9cnico Superior en Desarrollo de Software T\u00e9cnico en Administraci\u00f3n de Empresas Profesorados de 4 a\u00f1os de duraci\u00f3n Profesorado de Educaci\u00f3n Tecnol\u00f3gica Profesorado de Educaci\u00f3n Primaria Profesorado de Educaci\u00f3n Secundaria en Historia &nbsp;<\/p>\n","protected":false},"author":809,"featured_media":0,"parent":0,"menu_order":0,"comment_status":"closed","ping_status":"closed","template":"","meta":[],"acf":[],"_links":{"self":[{"href":"https:\/\/9dejulio-tuc.infd.edu.ar\/sitio\/wp-json\/wp\/v2\/pages\/819"}],"collection":[{"href":"https:\/\/9dejulio-tuc.infd.edu.ar\/sitio\/wp-json\/wp\/v2\/pages"}],"about":[{"href":"https:\/\/9dejulio-tuc.infd.edu.ar\/sitio\/wp-json\/wp\/v2\/types\/page"}],"author":[{"embeddable":true,"href":"https:\/\/9dejulio-tuc.infd.edu.ar\/sitio\/wp-json\/wp\/v2\/users\/809"}],"replies":[{"embeddable":true,"href":"https:\/\/9dejulio-tuc.infd.edu.ar\/sitio\/wp-json\/wp\/v2\/comments?post=819"}],"version-history":[{"count":2,"href":"https:\/\/9dejulio-tuc.infd.edu.ar\/sitio\/wp-json\/wp\/v2\/pages\/819\/revisions"}],"predecessor-version":[{"id":1688,"href":"https:\/\/9dejulio-tuc.infd.edu.ar\/sitio\/wp-json\/wp\/v2\/pages\/819\/revisions\/1688"}],"wp:attachment":[{"href":"https:\/\/9dejulio-tuc.infd.edu.ar\/sitio\/wp-json\/wp\/v2\/media?parent=819"}],"curies":[{"name":"wp","href":"https:\/\/api.w.org\/{rel}","templated":true}]}}