{"id":803,"date":"2018-08-31T18:33:30","date_gmt":"2018-08-31T21:33:30","guid":{"rendered":"https:\/\/9dejulio-tuc.infd.edu.ar\/sitio\/tecnicatura-superior-en-administracion-de-empresas\/"},"modified":"2021-09-13T23:47:06","modified_gmt":"2021-09-14T02:47:06","slug":"tecnicatura-superior-en-administracion-de-empresas","status":"publish","type":"page","link":"https:\/\/9dejulio-tuc.infd.edu.ar\/sitio\/tecnicatura-superior-en-administracion-de-empresas\/","title":{"rendered":"Tecnicatura Superior en Administraci\u00f3n de Empresas"},"content":{"rendered":"<p><span style=\"font-family: verdana, geneva; font-size: 12pt;\"><span style=\"text-decoration: underline;\"><span style=\"color: #000000; text-decoration: underline; font-size: 10pt;\"><strong>Plan de Estudio Nuevo(<span style=\"text-decoration: underline;\">1\u00ba y 2\u00ba a\u00f1o<\/span>):<\/strong><\/span><br \/>\n<\/span><\/span><\/p>\n<p><span style=\"font-family: verdana,geneva; font-size: 10pt; color: #0000ff;\"><strong><span style=\"color: #000000;\">Descargar DISE\u00d1O CURRICULAR<\/span> \u00a0\u00a0<span style=\"font-family: verdana,geneva; font-size: 10pt; color: #0000ff;\"><strong><img decoding=\"async\" loading=\"lazy\" src=\"https:\/\/encrypted-tbn1.gstatic.com\/images?q=tbn:ANd9GcQQemDaR5w8Dg-jIaDJCa-5c2UT4nBbehvTtpMHGgLcRYj-mRU2\" width=\"30\" height=\"23\" border=\"0\" \/><\/strong><\/span><\/strong><\/span><\/p>\n<p style=\"text-align: center;\"><a href=\"https:\/\/drive.google.com\/file\/d\/1Rc9d5GlBdIRrWcheLfcCgvz0Wi2ns_EH\/view?usp=sharing\"><span style=\"color: #3366ff;\"><span style=\"text-decoration: underline; font-size: 12pt; color: #3366ff;\"><span style=\"font-family: verdana,geneva;\"><strong><span style=\"text-decoration: underline;\">Res. Ministerial N\u00ba 2343\/5 &#8211; TSAE<\/span><\/strong><\/span><\/span><\/span><\/a><\/p>\n<hr \/>\n<p style=\"text-align: center;\">\n<p style=\"text-align: left;\"><span style=\"text-decoration: underline; font-size: 10pt; color: #000000;\"><span style=\"font-family: verdana,geneva;\"><strong><span style=\"font-family: verdana,geneva;\"><span style=\"text-decoration: underline;\"><span style=\"text-decoration: underline;\"><strong>Plan de Estudio Residual(<span style=\"text-decoration: underline;\">3\u00ba a\u00f1o<\/span>):<\/strong><\/span><\/span><\/span><\/strong><\/span><\/span><\/p>\n<p style=\"text-align: left;\"><span style=\"font-size: 10pt;\"><span style=\"font-family: verdana,geneva; color: #0000ff;\"><strong><span style=\"font-family: verdana,geneva;\"><span style=\"color: #3366ff;\"><strong><span style=\"font-family: verdana,geneva; font-size: 10pt; color: #0000ff;\"><strong><span style=\"color: #000000;\">Descargar DISE\u00d1O CURRICULAR<\/span><\/strong><\/span><\/strong><\/span><\/span><\/strong><\/span><\/span><span style=\"font-size: 10pt;\"><span style=\"font-family: verdana,geneva; color: #0000ff;\"><strong><span style=\"font-family: verdana,geneva;\"><span style=\"color: #3366ff;\"><strong><span style=\"font-family: verdana,geneva; font-size: 10pt; color: #0000ff;\"><strong>\u00a0<\/strong><\/span><\/strong><\/span><\/span><\/strong><\/span><\/span><span style=\"text-decoration: underline; font-size: 10pt;\"><span style=\"font-family: verdana,geneva; color: #0000ff; text-decoration: underline;\"><strong><span style=\"font-family: verdana,geneva;\"><span style=\"text-decoration: underline;\"><span style=\"color: #3366ff; text-decoration: underline;\"><strong><span style=\"font-family: verdana,geneva; font-size: 10pt; color: #0000ff; text-decoration: underline;\"><strong><span style=\"font-family: verdana,geneva; font-size: 10pt; color: #0000ff; text-decoration: underline;\"><strong><span style=\"font-family: verdana,geneva; font-size: 10pt; color: #0000ff; text-decoration: underline;\"><strong><img decoding=\"async\" loading=\"lazy\" src=\"https:\/\/encrypted-tbn1.gstatic.com\/images?q=tbn:ANd9GcQQemDaR5w8Dg-jIaDJCa-5c2UT4nBbehvTtpMHGgLcRYj-mRU2\" width=\"30\" height=\"23\" border=\"0\" \/><\/strong><\/span><\/strong><\/span><br \/>\n<\/strong><\/span><\/strong><\/span><\/span><\/span><\/strong><\/span><\/span><\/p>\n<p style=\"text-align: center;\"><span style=\"color: #3366ff;\"><strong><span style=\"text-decoration: underline;\"><span style=\"font-size: 12pt; font-family: verdana,geneva;\"><a href=\"index.cgi?wid_seccion=18&amp;wid_item=23\"><span style=\"color: #3366ff; text-decoration: underline;\">Plan de estudios Residual<\/span><\/a><\/span><\/span><\/strong><\/span><\/p>\n<div id=\"programa-txt\">\n<div class=\"app_expander clearfix \" style=\"text-align: justify;\"><span style=\"font-family: verdana, geneva; font-size: 10pt;\">La Tecnicatura en Administraci\u00f3n de Empresas con Orientaci\u00f3n en Pymes tiene el prop\u00f3sito de formar <strong>t\u00e9cnicos que se desempe\u00f1en en el \u00e1rea\u00a0<\/strong><span class=\"details\"><strong>de\u00a0administraci\u00f3n\u00a0de las organizaciones<\/strong> con especial \u00e9nfasis en las peque\u00f1as y medianas empresas de producci\u00f3n y de servicios. El T\u00e9cnico en Administraci\u00f3n se capacita para la <span style=\"color: #008080;\"><strong>planificaci\u00f3n, an\u00e1lisis y evaluaci\u00f3n de todas las \u00e1reas PyME<\/strong><\/span>; el an\u00e1lisis financiero y del contexto econ\u00f3mico actual, la problem\u00e1tica propia de la peque\u00f1a y mediana empresa, el marketing, los costos, la productividad, los recursos humanos y el comercio internacional.<\/span><\/span><\/div>\n<div class=\"app_expander clearfix \" style=\"text-align: justify;\"><span style=\"font-family: verdana, geneva; font-size: 10pt;\"><span class=\"details\">Nuestra propuesta educativa incluye la <strong>experiencia de las Pr\u00e1cticas Profesionalizantes que permiten a nuestros estudiantes un primer abordaje de la problem\u00e1tica y los desaf\u00edos<\/strong> que presenta el \u00e1rea empresarial y abre las puertas al mundo real de la econom\u00eda regional.<\/span><\/span><\/div>\n<div class=\"app_expander clearfix \" style=\"text-align: justify;\"><span style=\"font-family: verdana, geneva; font-size: 10pt;\"><span class=\"details\">El campo laboral del \u00a0egresado de esta carrera consiste en<\/span><\/span><span style=\"font-family: verdana, geneva; font-size: 10pt;\"><strong>\u00a0brindar apoyo t\u00e9cnico a los propietarios\u00a0empresarios<\/strong>\u00a0y\/o gerentes de las organizaciones en las que trabaje. Tambi\u00e9n estar\u00e1 en condiciones de <span style=\"color: #008080;\"><strong>organizar emprendimientos productivos.<\/strong><\/span> En este sentido, el trayecto educativo provee las herramientas para aprender a s<\/span><span style=\"font-family: verdana, geneva; font-size: 10pt;\">eleccionar diversas estrategias y metodolog\u00edas para obtener resultados convenientes para la empresa, en tiempo y forma, as\u00ed como dise\u00f1ar obj<\/span><span style=\"font-family: verdana, geneva; font-size: 10pt;\">etivos estrat\u00e9gicos a lograr por\u00a0 la empresa, ponerlos en ejecuci\u00f3n y evaluarlos.<\/span><\/div>\n<\/div>\n","protected":false},"excerpt":{"rendered":"<p>Plan de Estudio Nuevo(1\u00ba y 2\u00ba a\u00f1o): Descargar DISE\u00d1O CURRICULAR \u00a0\u00a0 Res. Ministerial N\u00ba 2343\/5 &#8211; TSAE Plan de Estudio Residual(3\u00ba a\u00f1o): Descargar DISE\u00d1O CURRICULAR\u00a0 Plan de estudios Residual La Tecnicatura en Administraci\u00f3n de Empresas con Orientaci\u00f3n en Pymes tiene el prop\u00f3sito de formar t\u00e9cnicos que se desempe\u00f1en en el \u00e1rea\u00a0de\u00a0administraci\u00f3n\u00a0de las organizaciones con especial &#8230; <a title=\"Tecnicatura Superior en Administraci\u00f3n de Empresas\" class=\"read-more\" href=\"https:\/\/9dejulio-tuc.infd.edu.ar\/sitio\/tecnicatura-superior-en-administracion-de-empresas\/\" aria-label=\"More on Tecnicatura Superior en Administraci\u00f3n de Empresas\">[+]<\/a><\/p>\n","protected":false},"author":809,"featured_media":0,"parent":0,"menu_order":0,"comment_status":"closed","ping_status":"closed","template":"","meta":[],"acf":[],"_links":{"self":[{"href":"https:\/\/9dejulio-tuc.infd.edu.ar\/sitio\/wp-json\/wp\/v2\/pages\/803"}],"collection":[{"href":"https:\/\/9dejulio-tuc.infd.edu.ar\/sitio\/wp-json\/wp\/v2\/pages"}],"about":[{"href":"https:\/\/9dejulio-tuc.infd.edu.ar\/sitio\/wp-json\/wp\/v2\/types\/page"}],"author":[{"embeddable":true,"href":"https:\/\/9dejulio-tuc.infd.edu.ar\/sitio\/wp-json\/wp\/v2\/users\/809"}],"replies":[{"embeddable":true,"href":"https:\/\/9dejulio-tuc.infd.edu.ar\/sitio\/wp-json\/wp\/v2\/comments?post=803"}],"version-history":[{"count":2,"href":"https:\/\/9dejulio-tuc.infd.edu.ar\/sitio\/wp-json\/wp\/v2\/pages\/803\/revisions"}],"predecessor-version":[{"id":2597,"href":"https:\/\/9dejulio-tuc.infd.edu.ar\/sitio\/wp-json\/wp\/v2\/pages\/803\/revisions\/2597"}],"wp:attachment":[{"href":"https:\/\/9dejulio-tuc.infd.edu.ar\/sitio\/wp-json\/wp\/v2\/media?parent=803"}],"curies":[{"name":"wp","href":"https:\/\/api.w.org\/{rel}","templated":true}]}}