{"id":801,"date":"2018-08-31T18:33:29","date_gmt":"2018-08-31T21:33:29","guid":{"rendered":"https:\/\/9dejulio-tuc.infd.edu.ar\/sitio\/tecnicatura-superior-en-desarrollo-de-software\/"},"modified":"2021-09-13T23:48:13","modified_gmt":"2021-09-14T02:48:13","slug":"tecnicatura-superior-en-desarrollo-de-software","status":"publish","type":"page","link":"https:\/\/9dejulio-tuc.infd.edu.ar\/sitio\/tecnicatura-superior-en-desarrollo-de-software\/","title":{"rendered":"Tecnicatura Superior en Desarrollo de Software"},"content":{"rendered":"<h1 style=\"text-align: center;\">TECNICO SUPERIOR EN DESARROLLO DE SOFTWARE<\/h1>\n<p style=\"text-align: center;\"><iframe loading=\"lazy\" src=\"https:\/\/www.youtube.com\/embed\/UFYddELF6LQ?rel=0&amp;wmode=transparent\" width=\"560\" height=\"315\" frameborder=\"0\" allowfullscreen=\"allowfullscreen\"><\/iframe><\/p>\n<p><span style=\"font-family: verdana, geneva; font-size: 12pt;\"><span style=\"text-decoration: underline;\"><span style=\"color: #000000; text-decoration: underline; font-size: 10pt;\"><strong>Plan de Estudio Nuevo(<span style=\"text-decoration: underline;\">1\u00ba y 2\u00ba a\u00f1o<\/span>):<\/strong><\/span><br \/>\n<\/span><\/span><\/p>\n<p><span style=\"font-family: verdana,geneva; font-size: 10pt; color: #0000ff;\"><strong><span style=\"color: #000000;\">Descargar DISE\u00d1O CURRICULAR<\/span> \u00a0\u00a0<span style=\"font-family: verdana,geneva; font-size: 10pt; color: #0000ff;\"><strong><img decoding=\"async\" loading=\"lazy\" src=\"https:\/\/encrypted-tbn1.gstatic.com\/images?q=tbn:ANd9GcQQemDaR5w8Dg-jIaDJCa-5c2UT4nBbehvTtpMHGgLcRYj-mRU2\" width=\"30\" height=\"23\" border=\"0\" \/><\/strong><\/span><\/strong><\/span><\/p>\n<p style=\"text-align: center;\"><a href=\"https:\/\/drive.google.com\/file\/d\/1Uua-GH8AcAwuWcQc8zNpWX-F8Tb-VnKI\/view?usp=sharing\"><span style=\"text-decoration: underline; font-size: 12pt; color: #3366ff;\"><span style=\"font-family: verdana,geneva;\"><strong><span style=\"color: #3366ff; text-decoration: underline;\">Res. Ministerial N\u00ba 513\/5 &#8211; TSDS<\/span><\/strong><\/span><\/span><\/a><\/p>\n<hr \/>\n<p style=\"text-align: center;\">\n<p style=\"text-align: left;\"><span style=\"text-decoration: underline; font-size: 10pt; color: #000000;\"><span style=\"font-family: verdana,geneva;\"><strong><span style=\"font-family: verdana,geneva;\"><span style=\"text-decoration: underline;\"><span style=\"text-decoration: underline;\"><strong>Plan de Estudio Residual(<span style=\"text-decoration: underline;\">3\u00ba a\u00f1o<\/span>):<\/strong><\/span><\/span><\/span><\/strong><\/span><\/span><\/p>\n<p style=\"text-align: left;\"><span style=\"font-size: 10pt;\"><span style=\"font-family: verdana,geneva; color: #0000ff;\"><strong><span style=\"font-family: verdana,geneva;\"><span style=\"color: #3366ff;\"><strong><span style=\"font-family: verdana,geneva; font-size: 10pt; color: #0000ff;\"><strong><span style=\"color: #000000;\">Descargar DISE\u00d1O CURRICULAR<\/span><\/strong><\/span><\/strong><\/span><\/span><\/strong><\/span><\/span><span style=\"font-size: 10pt;\"><span style=\"font-family: verdana,geneva; color: #0000ff;\"><strong><span style=\"font-family: verdana,geneva;\"><span style=\"color: #3366ff;\"><strong><span style=\"font-family: verdana,geneva; font-size: 10pt; color: #0000ff;\"><strong>\u00a0<\/strong><\/span><\/strong><\/span><\/span><\/strong><\/span><\/span><span style=\"text-decoration: underline; font-size: 10pt;\"><span style=\"font-family: verdana,geneva; color: #0000ff; text-decoration: underline;\"><strong><span style=\"font-family: verdana,geneva;\"><span style=\"text-decoration: underline;\"><span style=\"color: #3366ff; text-decoration: underline;\"><strong><span style=\"font-family: verdana,geneva; font-size: 10pt; color: #0000ff; text-decoration: underline;\"><strong><span style=\"font-family: verdana,geneva; font-size: 10pt; color: #0000ff; text-decoration: underline;\"><strong><span style=\"font-family: verdana,geneva; font-size: 10pt; color: #0000ff; text-decoration: underline;\"><strong><img decoding=\"async\" loading=\"lazy\" src=\"https:\/\/encrypted-tbn1.gstatic.com\/images?q=tbn:ANd9GcQQemDaR5w8Dg-jIaDJCa-5c2UT4nBbehvTtpMHGgLcRYj-mRU2\" width=\"30\" height=\"23\" border=\"0\" \/><\/strong><\/span><\/strong><\/span><br \/>\n<\/strong><\/span><\/strong><\/span><\/span><\/span><\/strong><\/span><\/span><\/p>\n<p style=\"text-align: center;\"><strong><span style=\"text-decoration: underline; color: #3366ff;\"><span style=\"text-align: justify; font-family: verdana,geneva; font-size: 10pt;\"><span style=\"font-size: 12pt; font-family: verdana,geneva;\"><a href=\"index.cgi?wid_seccion=17&amp;wid_item=21\"><span style=\"color: #3366ff; text-decoration: underline;\">Plan de estudios Residual<\/span><\/a><\/span><\/span><\/span><\/strong><\/p>\n<p style=\"text-align: justify;\"><span style=\"text-align: justify; font-family: verdana, geneva; font-size: 10pt;\">En medio del auge econ\u00f3mico, social, educativo, pol\u00edtico, cultural, cient\u00edfico y tecnol\u00f3gico, en permanente desarrollo, es indispensable la formaci\u00f3n y <strong>capacitaci\u00f3n de las personas que lleven adelante las tecnolog\u00edas<\/strong>, aplicadas en las m\u00faltiples ramas en las que ellas se diversifican.<\/span><\/p>\n<p style=\"text-align: justify;\"><span style=\"font-family: verdana, geneva; font-size: 10pt;\">El contexto de la vida actual est\u00e1 atravesado por las tecnolog\u00edas de la informaci\u00f3n y la comunicaci\u00f3n. Conocerlas a fondo, manejarlas con precisi\u00f3n y aplicarlas con eficacia constituyen <span style=\"color: #008080;\"><strong>competencias profesionales que fortalecen las instituciones y las empresas<\/strong><\/span>, tanto de gesti\u00f3n estatal como privada.<\/span><\/p>\n<p style=\"text-align: justify;\"><span style=\"font-family: verdana, geneva; font-size: 10pt;\">En estas actividades, es indispensable el <strong>conocimiento\u00a0 exhaustivo del lenguaje de las tecnolog\u00edas de las\u00a0 computadoras<\/strong>, herramienta v\u00e1lida para lograr la efectividad que el mercado actual requiere.<\/span><\/p>\n<p style=\"text-align: justify;\"><span style=\"font-family: verdana, geneva; font-size: 10pt;\">Ante este requerimiento, nuestra instituci\u00f3n consider\u00f3 necesario ofrecerle al medio la carrera\u00a0 \u201cT\u00e9cnico Superior Analista de Sistemas de Computaci\u00f3n\u201d que propone sus aspirantes a un <span style=\"color: #008080;\"><strong>amplio conocimiento de las tecnolog\u00edas vigentes.<\/strong><\/span><\/span><\/p>\n<p style=\"text-align: justify;\"><span style=\"font-family: verdana, geneva; font-size: 10pt;\">En la actualidad, los sistemas de comunicaciones y las computadoras se han vinculado cada vez m\u00e1s entre s\u00ed, tendiendo as\u00ed a la conformaci\u00f3n de un solo sistema. Su extendida integraci\u00f3n justifica la necesidad\u00a0\u00a0de una dedicaci\u00f3n especial para su estudio. <strong>Esto implica educar tanto en sus aspectos culturales como instrumentales.<\/strong><\/span><\/p>\n","protected":false},"excerpt":{"rendered":"<p>TECNICO SUPERIOR EN DESARROLLO DE SOFTWARE Plan de Estudio Nuevo(1\u00ba y 2\u00ba a\u00f1o): Descargar DISE\u00d1O CURRICULAR \u00a0\u00a0 Res. Ministerial N\u00ba 513\/5 &#8211; TSDS Plan de Estudio Residual(3\u00ba a\u00f1o): Descargar DISE\u00d1O CURRICULAR\u00a0 Plan de estudios Residual En medio del auge econ\u00f3mico, social, educativo, pol\u00edtico, cultural, cient\u00edfico y tecnol\u00f3gico, en permanente desarrollo, es indispensable la formaci\u00f3n y &#8230; <a title=\"Tecnicatura Superior en Desarrollo de Software\" class=\"read-more\" href=\"https:\/\/9dejulio-tuc.infd.edu.ar\/sitio\/tecnicatura-superior-en-desarrollo-de-software\/\" aria-label=\"More on Tecnicatura Superior en Desarrollo de Software\">[+]<\/a><\/p>\n","protected":false},"author":809,"featured_media":0,"parent":0,"menu_order":0,"comment_status":"closed","ping_status":"closed","template":"","meta":[],"acf":[],"_links":{"self":[{"href":"https:\/\/9dejulio-tuc.infd.edu.ar\/sitio\/wp-json\/wp\/v2\/pages\/801"}],"collection":[{"href":"https:\/\/9dejulio-tuc.infd.edu.ar\/sitio\/wp-json\/wp\/v2\/pages"}],"about":[{"href":"https:\/\/9dejulio-tuc.infd.edu.ar\/sitio\/wp-json\/wp\/v2\/types\/page"}],"author":[{"embeddable":true,"href":"https:\/\/9dejulio-tuc.infd.edu.ar\/sitio\/wp-json\/wp\/v2\/users\/809"}],"replies":[{"embeddable":true,"href":"https:\/\/9dejulio-tuc.infd.edu.ar\/sitio\/wp-json\/wp\/v2\/comments?post=801"}],"version-history":[{"count":2,"href":"https:\/\/9dejulio-tuc.infd.edu.ar\/sitio\/wp-json\/wp\/v2\/pages\/801\/revisions"}],"predecessor-version":[{"id":2598,"href":"https:\/\/9dejulio-tuc.infd.edu.ar\/sitio\/wp-json\/wp\/v2\/pages\/801\/revisions\/2598"}],"wp:attachment":[{"href":"https:\/\/9dejulio-tuc.infd.edu.ar\/sitio\/wp-json\/wp\/v2\/media?parent=801"}],"curies":[{"name":"wp","href":"https:\/\/api.w.org\/{rel}","templated":true}]}}