{"id":799,"date":"2018-08-31T18:33:28","date_gmt":"2018-08-31T21:33:28","guid":{"rendered":"https:\/\/9dejulio-tuc.infd.edu.ar\/sitio\/profesorado-de-educacion-tecnologica\/"},"modified":"2021-09-18T23:47:28","modified_gmt":"2021-09-19T02:47:28","slug":"profesorado-de-educacion-tecnologica","status":"publish","type":"page","link":"https:\/\/9dejulio-tuc.infd.edu.ar\/sitio\/profesorado-de-educacion-tecnologica\/","title":{"rendered":"Profesorado de Educaci\u00f3n  Tecnol\u00f3gica"},"content":{"rendered":"<p><span style=\"font-family: verdana, geneva; font-size: 12pt;\"><span style=\"text-decoration: underline;\"><span style=\"color: #000000; text-decoration: underline; font-size: 10pt;\"><strong>Plan de Estudio Nuevo(<span style=\"text-decoration: underline;\">1\u00ba y 2\u00ba a\u00f1o<\/span>):<\/strong><\/span><br \/>\n<\/span><\/span><\/p>\n<p><span style=\"font-family: verdana,geneva; font-size: 10pt; color: #0000ff;\"><strong><span style=\"color: #000000;\">Descargar DISE\u00d1O CURRICULAR<\/span> \u00a0\u00a0<span style=\"font-family: verdana,geneva; font-size: 10pt; color: #0000ff;\"><strong><img decoding=\"async\" loading=\"lazy\" src=\"https:\/\/encrypted-tbn1.gstatic.com\/images?q=tbn:ANd9GcQQemDaR5w8Dg-jIaDJCa-5c2UT4nBbehvTtpMHGgLcRYj-mRU2\" width=\"30\" height=\"23\" border=\"0\" \/><\/strong><\/span><\/strong><\/span><\/p>\n<p style=\"text-align: center;\"><a href=\"https:\/\/drive.google.com\/file\/d\/1BG9xC-yPDOYAqMdFXkdsB-tjJEiYhZlz\/view?usp=sharing\"><span style=\"color: #2ba4fc;\"><strong><span style=\"text-decoration: underline; font-size: 12pt; color: #2ba4fc;\"><span style=\"font-family: verdana,geneva; color: #0000ff; text-decoration: underline;\">Res. Ministerial N\u00ba 1429\/5 &#8211; PET<\/span><\/span><\/strong><\/span><\/a><\/p>\n<hr \/>\n<p style=\"text-align: left;\">\n<p style=\"text-align: left;\"><span style=\"text-decoration: underline; font-size: 10pt; color: #000000;\"><span style=\"font-family: verdana,geneva;\"><strong><span style=\"font-family: verdana,geneva;\"><span style=\"text-decoration: underline;\"><span style=\"text-decoration: underline;\"><strong>Plan de Estudio Residual(<span style=\"text-decoration: underline;\">3\u00ba y 4\u00ba a\u00f1o<\/span>):<\/strong><\/span><\/span><\/span><\/strong><\/span><\/span><\/p>\n<p style=\"text-align: left;\"><span style=\"font-size: 10pt;\"><span style=\"font-family: verdana,geneva; color: #0000ff;\"><strong><span style=\"font-family: verdana,geneva;\"><span style=\"color: #3366ff;\"><strong><span style=\"font-family: verdana,geneva; font-size: 10pt; color: #0000ff;\"><strong><span style=\"color: #000000;\">Descargar DISE\u00d1O CURRICULAR<\/span><\/strong><\/span><\/strong><\/span><\/span><\/strong><\/span><\/span><span style=\"font-size: 10pt;\"><span style=\"font-family: verdana,geneva; color: #0000ff;\"><strong><span style=\"font-family: verdana,geneva;\"><span style=\"color: #3366ff;\"><strong><span style=\"font-family: verdana,geneva; font-size: 10pt; color: #0000ff;\"><strong>\u00a0<\/strong><\/span><\/strong><\/span><\/span><\/strong><\/span><\/span><span style=\"text-decoration: underline; font-size: 10pt;\"><span style=\"font-family: verdana,geneva; color: #0000ff; text-decoration: underline;\"><strong><span style=\"font-family: verdana,geneva;\"><span style=\"text-decoration: underline;\"><span style=\"color: #3366ff; text-decoration: underline;\"><strong><span style=\"font-family: verdana,geneva; font-size: 10pt; color: #0000ff; text-decoration: underline;\"><strong><span style=\"font-family: verdana,geneva; font-size: 10pt; color: #0000ff; text-decoration: underline;\"><strong><span style=\"font-family: verdana,geneva; font-size: 10pt; color: #0000ff; text-decoration: underline;\"><strong><img decoding=\"async\" loading=\"lazy\" src=\"https:\/\/encrypted-tbn1.gstatic.com\/images?q=tbn:ANd9GcQQemDaR5w8Dg-jIaDJCa-5c2UT4nBbehvTtpMHGgLcRYj-mRU2\" width=\"30\" height=\"23\" border=\"0\" \/><\/strong><\/span><\/strong><\/span><br \/>\n<\/strong><\/span><\/strong><\/span><\/span><\/span><\/strong><\/span><\/span><\/p>\n<p style=\"text-align: center;\"><span style=\"font-size: 12pt; font-family: verdana, geneva;\"><strong><span style=\"font-family: verdana,geneva;\"><a href=\"index.cgi?wid_seccion=2&amp;wid_item=4\">\u00a0<span style=\"font-size: 12pt; color: #00ccff;\">\u00a0<span style=\"color: #99ccff;\">\u00a0\u00a0\u00a0\u00a0 <\/span><\/span><\/a><\/span><span style=\"text-decoration: underline; color: #0000ff;\"><a href=\"index.cgi?wid_seccion=4&amp;wid_item=7\"><span style=\"color: #0000ff; text-decoration: underline;\">Plan de estudios Residual<\/span><\/a><\/span><\/strong><br \/>\n<\/span><\/p>\n<p style=\"text-align: justify;\"><span style=\"font-family: verdana, geneva; font-size: 10pt;\">La Educaci\u00f3n Tecnol\u00f3gica procura que <strong>los ciudadanos comprendan mejor el mundo en que viven<\/strong>, y que recuperen cierta <span style=\"color: #008080;\"><strong>capacidad de intervenci\u00f3n<\/strong><\/span>, que pose\u00edan en las etapas m\u00e1s primitivas de la tecnolog\u00eda. <\/span><span style=\"font-family: verdana, geneva; font-size: 10pt;\">El alcance de la educaci\u00f3n tecnol\u00f3gica no puede entenderse separado del trabajo instrumental, la acci\u00f3n creativa y productiva, y la <strong>actitud tecnol\u00f3gica ante los problemas<\/strong>. Por lo tanto, las t\u00e9cnicas, tales como la mec\u00e1nica, la electrotecnia y la electr\u00f3nica, la gesti\u00f3n, el control y la inform\u00e1tica, tienen un lugar destacado en la ET.<\/span><\/p>\n<p style=\"text-align: justify;\"><span style=\"font-family: verdana, geneva; font-size: 10pt;\">Nuestra propuesta desaf\u00eda a los estudiantes para que\u00a0<strong>formulen sus propios modelos de la realidad<\/strong>, para no verse obligados a usar recetas elaboradas por otros, sin ejercer ning\u00fan control sobre su validez. Para esto, ofrecemos una formaci\u00f3n elemental en la epistemolog\u00eda de la tecnolog\u00eda, para entender en qu\u00e9 consiste el modo tecnol\u00f3gico de encarar la resoluci\u00f3n de los problemas planteados por la realidad.<\/span><\/p>\n<p style=\"text-align: justify;\"><span style=\"font-family: verdana, geneva; font-size: 10pt;\">La <strong><span style=\"color: #008080;\">formaci\u00f3n de docentes capaces de construir una mirada tecnol\u00f3gica junto a sus alumnos<\/span><\/strong> orienta nuestras pr\u00e1cticas de ense\u00f1anza y persigue el prop\u00f3sito de educar usuarios inteligentes y cr\u00edticos de los diversos objetos tecnol\u00f3gicos que se nos brindan; de fomentar \u00a0el desarrollo de capacidades para el dise\u00f1o de soluciones t\u00e9cnicas en situaciones cotidianas, y de comprender los grandes debates sobre las tecnolog\u00edas, en la b\u00fasqueda de que se pongan al servicio de la sociedad.<\/span><\/p>\n","protected":false},"excerpt":{"rendered":"<p>Plan de Estudio Nuevo(1\u00ba y 2\u00ba a\u00f1o): Descargar DISE\u00d1O CURRICULAR \u00a0\u00a0 Res. Ministerial N\u00ba 1429\/5 &#8211; PET Plan de Estudio Residual(3\u00ba y 4\u00ba a\u00f1o): Descargar DISE\u00d1O CURRICULAR\u00a0 \u00a0\u00a0\u00a0\u00a0\u00a0\u00a0 Plan de estudios Residual La Educaci\u00f3n Tecnol\u00f3gica procura que los ciudadanos comprendan mejor el mundo en que viven, y que recuperen cierta capacidad de intervenci\u00f3n, que pose\u00edan &#8230; <a title=\"Profesorado de Educaci\u00f3n  Tecnol\u00f3gica\" class=\"read-more\" href=\"https:\/\/9dejulio-tuc.infd.edu.ar\/sitio\/profesorado-de-educacion-tecnologica\/\" aria-label=\"More on Profesorado de Educaci\u00f3n  Tecnol\u00f3gica\">[+]<\/a><\/p>\n","protected":false},"author":809,"featured_media":0,"parent":0,"menu_order":0,"comment_status":"closed","ping_status":"closed","template":"","meta":[],"acf":[],"_links":{"self":[{"href":"https:\/\/9dejulio-tuc.infd.edu.ar\/sitio\/wp-json\/wp\/v2\/pages\/799"}],"collection":[{"href":"https:\/\/9dejulio-tuc.infd.edu.ar\/sitio\/wp-json\/wp\/v2\/pages"}],"about":[{"href":"https:\/\/9dejulio-tuc.infd.edu.ar\/sitio\/wp-json\/wp\/v2\/types\/page"}],"author":[{"embeddable":true,"href":"https:\/\/9dejulio-tuc.infd.edu.ar\/sitio\/wp-json\/wp\/v2\/users\/809"}],"replies":[{"embeddable":true,"href":"https:\/\/9dejulio-tuc.infd.edu.ar\/sitio\/wp-json\/wp\/v2\/comments?post=799"}],"version-history":[{"count":3,"href":"https:\/\/9dejulio-tuc.infd.edu.ar\/sitio\/wp-json\/wp\/v2\/pages\/799\/revisions"}],"predecessor-version":[{"id":2599,"href":"https:\/\/9dejulio-tuc.infd.edu.ar\/sitio\/wp-json\/wp\/v2\/pages\/799\/revisions\/2599"}],"wp:attachment":[{"href":"https:\/\/9dejulio-tuc.infd.edu.ar\/sitio\/wp-json\/wp\/v2\/media?parent=799"}],"curies":[{"name":"wp","href":"https:\/\/api.w.org\/{rel}","templated":true}]}}