{"id":797,"date":"2018-08-31T18:33:28","date_gmt":"2018-08-31T21:33:28","guid":{"rendered":"https:\/\/9dejulio-tuc.infd.edu.ar\/sitio\/profesorado-de-educacion-secundaria-en-historia\/"},"modified":"2021-09-13T23:38:59","modified_gmt":"2021-09-14T02:38:59","slug":"profesorado-de-educacion-secundaria-en-historia","status":"publish","type":"page","link":"https:\/\/9dejulio-tuc.infd.edu.ar\/sitio\/profesorado-de-educacion-secundaria-en-historia\/","title":{"rendered":"Profesorado de Educaci\u00f3n Secundaria en Historia"},"content":{"rendered":"<p><span style=\"font-family: verdana, geneva; font-size: 12pt;\"><span style=\"text-decoration: underline;\"><span style=\"color: #000000; text-decoration: underline; font-size: 10pt;\"><strong>Plan de Estudio Nuevo(<span style=\"text-decoration: underline;\">1\u00ba y 2\u00ba a\u00f1o<\/span>):<\/strong><\/span><br \/>\n<\/span><\/span><\/p>\n<p><span style=\"font-family: verdana,geneva; font-size: 10pt; color: #0000ff;\"><strong><span style=\"color: #000000;\">Descargar DISE\u00d1O CURRICULAR<\/span> \u00a0\u00a0<span style=\"font-family: verdana,geneva; font-size: 10pt; color: #0000ff;\"><strong><img decoding=\"async\" loading=\"lazy\" src=\"https:\/\/encrypted-tbn1.gstatic.com\/images?q=tbn:ANd9GcQQemDaR5w8Dg-jIaDJCa-5c2UT4nBbehvTtpMHGgLcRYj-mRU2\" width=\"30\" height=\"23\" border=\"0\" \/><\/strong><\/span><\/strong><\/span><\/p>\n<p style=\"text-align: center;\"><a href=\"https:\/\/drive.google.com\/file\/d\/1o06qaE3GNpbDSdrwqYfXhcxdp_tkLI_Q\/view?usp=sharing\"><span style=\"color: #2ba4fc;\"><strong><span style=\"text-decoration: underline; font-size: 12pt; color: #2ba4fc;\"><span style=\"font-family: verdana,geneva; color: #0000ff; text-decoration: underline;\">Res. Ministerial N\u00ba 1418\/5 &#8211; PESH<\/span><\/span><\/strong><\/span><\/a><\/p>\n<hr \/>\n<p style=\"text-align: left;\">\n<p style=\"text-align: left;\"><span style=\"text-decoration: underline; font-size: 10pt; color: #000000;\"><span style=\"font-family: verdana,geneva;\"><strong><span style=\"font-family: verdana,geneva;\"><span style=\"text-decoration: underline;\"><span style=\"text-decoration: underline;\"><strong>Plan de Estudio Residual(<span style=\"text-decoration: underline;\">3\u00ba y 4\u00ba a\u00f1o<\/span>):<\/strong><\/span><\/span><\/span><\/strong><\/span><\/span><\/p>\n<p style=\"text-align: left;\"><span style=\"font-size: 10pt;\"><span style=\"font-family: verdana,geneva; color: #0000ff;\"><strong><span style=\"font-family: verdana,geneva;\"><span style=\"color: #3366ff;\"><strong><span style=\"font-family: verdana,geneva; font-size: 10pt; color: #0000ff;\"><strong><span style=\"color: #000000;\">Descargar DISE\u00d1O CURRICULAR<\/span><\/strong><\/span><\/strong><\/span><\/span><\/strong><\/span><\/span><span style=\"font-size: 10pt;\"><span style=\"font-family: verdana,geneva; color: #0000ff;\"><strong><span style=\"font-family: verdana,geneva;\"><span style=\"color: #3366ff;\"><strong><span style=\"font-family: verdana,geneva; font-size: 10pt; color: #0000ff;\"><strong>\u00a0<\/strong><\/span><\/strong><\/span><\/span><\/strong><\/span><\/span><span style=\"text-decoration: underline; font-size: 10pt;\"><span style=\"font-family: verdana,geneva; color: #0000ff; text-decoration: underline;\"><strong><span style=\"font-family: verdana,geneva;\"><span style=\"text-decoration: underline;\"><span style=\"color: #3366ff; text-decoration: underline;\"><strong><span style=\"font-family: verdana,geneva; font-size: 10pt; color: #0000ff; text-decoration: underline;\"><strong><span style=\"font-family: verdana,geneva; font-size: 10pt; color: #0000ff; text-decoration: underline;\"><strong><span style=\"font-family: verdana,geneva; font-size: 10pt; color: #0000ff; text-decoration: underline;\"><strong><img decoding=\"async\" loading=\"lazy\" src=\"https:\/\/encrypted-tbn1.gstatic.com\/images?q=tbn:ANd9GcQQemDaR5w8Dg-jIaDJCa-5c2UT4nBbehvTtpMHGgLcRYj-mRU2\" width=\"30\" height=\"23\" border=\"0\" \/><\/strong><\/span><\/strong><\/span><br \/>\n<\/strong><\/span><\/strong><\/span><\/span><\/span><\/strong><\/span><\/span><\/p>\n<p style=\"text-align: center;\"><span style=\"color: #3a56c4; font-size: 10pt; font-family: 'arial black','avant garde';\"><strong><span style=\"font-family: verdana,geneva;\"><a href=\"index.cgi?wid_seccion=2&amp;wid_item=4\">\u00a0<span style=\"font-size: 12pt; color: #00ccff;\">\u00a0<span style=\"color: #99ccff;\">\u00a0\u00a0<\/span><\/span><\/a><span style=\"text-decoration: underline; color: #0000ff;\"><span style=\"font-size: 12pt; text-decoration: underline;\"><a href=\"index.cgi?wid_seccion=3&amp;wid_item=6\"><span style=\"color: #0000ff; text-decoration: underline;\">Plan de estudios Residual<\/span><\/a><\/span><\/span><\/span><\/strong><\/span><\/p>\n<p style=\"text-align: justify;\"><span style=\"font-family: verdana, geneva;\"><span style=\"font-size: 10pt;\">Este espacio de aprendizaje ofrece la oportunidad <\/span><strong style=\"font-size: 10pt;\">analizar las problem\u00e1ticas presentes<\/strong><span style=\"font-size: 10pt;\">, a trav\u00e9s de la reflexi\u00f3n del pasado. De este modo, es posible <\/span><strong style=\"font-size: 10pt;\">elaborar explicaciones y opiniones<\/strong><span style=\"font-size: 10pt;\"> sobre nuestra sociedad y sobre otras realidades en el mundo, de un modo comprometido, y trasladarlas como disparadores de la <strong><span style=\"color: #008080;\">construcci\u00f3n del conocimiento<\/span><\/strong> junto a los j\u00f3venes que cursan el Nivel Secundario.<\/span><\/span><\/p>\n<p style=\"text-align: justify;\"><span style=\"font-size: 10pt; font-family: verdana, geneva;\">Esta carrera cuenta con una <strong>reconocida trayectoria en el medio<\/strong> y contin\u00faa brindando una formaci\u00f3n acad\u00e9mica y humana que apunta a la excelencia.<\/span><\/p>\n<p style=\"text-align: justify;\"><span style=\"font-size: 10pt; font-family: verdana, geneva;\">Conformada por un s\u00f3lido cuerpo docente, la carrera de Profesorado de Historia no solo ofrece una salida laboral sino un modo de vivir un presente comprometido con la realidad social de nuestro entorno.<br \/>\n<\/span><\/p>\n<p style=\"text-align: center;\">\n","protected":false},"excerpt":{"rendered":"<p>Plan de Estudio Nuevo(1\u00ba y 2\u00ba a\u00f1o): Descargar DISE\u00d1O CURRICULAR \u00a0\u00a0 Res. Ministerial N\u00ba 1418\/5 &#8211; PESH Plan de Estudio Residual(3\u00ba y 4\u00ba a\u00f1o): Descargar DISE\u00d1O CURRICULAR\u00a0 \u00a0\u00a0\u00a0\u00a0Plan de estudios Residual Este espacio de aprendizaje ofrece la oportunidad analizar las problem\u00e1ticas presentes, a trav\u00e9s de la reflexi\u00f3n del pasado. De este modo, es posible elaborar &#8230; <a title=\"Profesorado de Educaci\u00f3n Secundaria en Historia\" class=\"read-more\" href=\"https:\/\/9dejulio-tuc.infd.edu.ar\/sitio\/profesorado-de-educacion-secundaria-en-historia\/\" aria-label=\"More on Profesorado de Educaci\u00f3n Secundaria en Historia\">[+]<\/a><\/p>\n","protected":false},"author":809,"featured_media":0,"parent":0,"menu_order":0,"comment_status":"closed","ping_status":"closed","template":"","meta":[],"acf":[],"_links":{"self":[{"href":"https:\/\/9dejulio-tuc.infd.edu.ar\/sitio\/wp-json\/wp\/v2\/pages\/797"}],"collection":[{"href":"https:\/\/9dejulio-tuc.infd.edu.ar\/sitio\/wp-json\/wp\/v2\/pages"}],"about":[{"href":"https:\/\/9dejulio-tuc.infd.edu.ar\/sitio\/wp-json\/wp\/v2\/types\/page"}],"author":[{"embeddable":true,"href":"https:\/\/9dejulio-tuc.infd.edu.ar\/sitio\/wp-json\/wp\/v2\/users\/809"}],"replies":[{"embeddable":true,"href":"https:\/\/9dejulio-tuc.infd.edu.ar\/sitio\/wp-json\/wp\/v2\/comments?post=797"}],"version-history":[{"count":2,"href":"https:\/\/9dejulio-tuc.infd.edu.ar\/sitio\/wp-json\/wp\/v2\/pages\/797\/revisions"}],"predecessor-version":[{"id":2595,"href":"https:\/\/9dejulio-tuc.infd.edu.ar\/sitio\/wp-json\/wp\/v2\/pages\/797\/revisions\/2595"}],"wp:attachment":[{"href":"https:\/\/9dejulio-tuc.infd.edu.ar\/sitio\/wp-json\/wp\/v2\/media?parent=797"}],"curies":[{"name":"wp","href":"https:\/\/api.w.org\/{rel}","templated":true}]}}