{"id":795,"date":"2018-08-31T18:33:27","date_gmt":"2018-08-31T21:33:27","guid":{"rendered":"https:\/\/9dejulio-tuc.infd.edu.ar\/sitio\/profesorado-de-educacion-primaria-2\/"},"modified":"2021-09-13T23:33:24","modified_gmt":"2021-09-14T02:33:24","slug":"profesorado-de-educacion-primaria-2","status":"publish","type":"page","link":"https:\/\/9dejulio-tuc.infd.edu.ar\/sitio\/profesorado-de-educacion-primaria-2\/","title":{"rendered":"Profesorado de Educaci\u00f3n Primaria"},"content":{"rendered":"<p><span style=\"font-family: verdana, geneva; font-size: 12pt;\"><span style=\"text-decoration: underline;\"><span style=\"color: #000000; text-decoration: underline; font-size: 10pt;\"><strong>Plan de Estudio Nuevo(<span style=\"text-decoration: underline;\">1\u00ba y 2\u00ba a\u00f1o<\/span>):<\/strong><\/span><br \/>\n<\/span><\/span><\/p>\n<p><span style=\"font-family: verdana,geneva; font-size: 10pt; color: #0000ff;\"><strong><span style=\"color: #000000;\">Descargar DISE\u00d1O CURRICULAR<\/span> \u00a0\u00a0<span style=\"font-family: verdana,geneva; font-size: 10pt; color: #0000ff;\"><strong><img decoding=\"async\" loading=\"lazy\" src=\"https:\/\/encrypted-tbn1.gstatic.com\/images?q=tbn:ANd9GcQQemDaR5w8Dg-jIaDJCa-5c2UT4nBbehvTtpMHGgLcRYj-mRU2\" width=\"30\" height=\"23\" border=\"0\" \/><\/strong><\/span><\/strong><\/span><\/p>\n<p style=\"text-align: center;\"><a href=\"https:\/\/drive.google.com\/file\/d\/1kRS8EqTh7M_XTXxTdMo9FlORlBGuztc5\/view?usp=sharing\"><span style=\"text-decoration: underline; font-size: 12pt; color: #3366ff;\"><span style=\"font-family: verdana,geneva;\"><strong><span style=\"color: #3366ff; text-decoration: underline;\">Res. Ministerial N\u00ba 1434\/5 &#8211; PEP<\/span><\/strong><\/span><\/span><\/a><\/p>\n<hr \/>\n<p style=\"text-align: center;\">\n<p style=\"text-align: left;\"><span style=\"text-decoration: underline; font-size: 10pt; color: #000000;\"><span style=\"font-family: verdana,geneva;\"><strong><span style=\"font-family: verdana,geneva;\"><span style=\"text-decoration: underline;\"><span style=\"text-decoration: underline;\"><strong>Plan de Estudio Residual(<span style=\"text-decoration: underline;\">3\u00ba y 4\u00ba a\u00f1o<\/span>):<\/strong><\/span><\/span><\/span><\/strong><\/span><\/span><\/p>\n<p style=\"text-align: left;\"><span style=\"font-size: 10pt;\"><span style=\"font-family: verdana,geneva; color: #0000ff;\"><strong><span style=\"font-family: verdana,geneva;\"><span style=\"color: #3366ff;\"><strong><span style=\"font-family: verdana,geneva; font-size: 10pt; color: #0000ff;\"><strong><span style=\"color: #000000;\">Descargar DISE\u00d1O CURRICULAR<\/span><\/strong><\/span><\/strong><\/span><\/span><\/strong><\/span><\/span><span style=\"font-size: 10pt;\"><span style=\"font-family: verdana,geneva; color: #0000ff;\"><strong><span style=\"font-family: verdana,geneva;\"><span style=\"color: #3366ff;\"><strong><span style=\"font-family: verdana,geneva; font-size: 10pt; color: #0000ff;\"><strong>\u00a0<\/strong><\/span><\/strong><\/span><\/span><\/strong><\/span><\/span><span style=\"text-decoration: underline; font-size: 10pt;\"><span style=\"font-family: verdana,geneva; color: #0000ff; text-decoration: underline;\"><strong><span style=\"font-family: verdana,geneva;\"><span style=\"text-decoration: underline;\"><span style=\"color: #3366ff; text-decoration: underline;\"><strong><span style=\"font-family: verdana,geneva; font-size: 10pt; color: #0000ff; text-decoration: underline;\"><strong><span style=\"font-family: verdana,geneva; font-size: 10pt; color: #0000ff; text-decoration: underline;\"><strong><span style=\"font-family: verdana,geneva; font-size: 10pt; color: #0000ff; text-decoration: underline;\"><strong><img decoding=\"async\" loading=\"lazy\" src=\"https:\/\/encrypted-tbn1.gstatic.com\/images?q=tbn:ANd9GcQQemDaR5w8Dg-jIaDJCa-5c2UT4nBbehvTtpMHGgLcRYj-mRU2\" width=\"30\" height=\"23\" border=\"0\" \/><\/strong><\/span><\/strong><\/span><br \/>\n<\/strong><\/span><\/strong><\/span><\/span><\/span><\/strong><\/span><\/span><\/p>\n<p style=\"text-align: center;\"><span style=\"color: #3a56c4; font-size: 10pt; font-family: 'arial black','avant garde';\"><strong><span style=\"font-family: verdana,geneva;\"><a href=\"index.cgi?wid_seccion=2&amp;wid_item=4\">\u00a0<span style=\"font-size: 12pt;\">\u00a0\u00a0 <span style=\"text-decoration: underline; color: #3366ff;\">Plan de estudios Residual<\/span><\/span><\/a> <\/span><\/strong><\/span><\/p>\n<p class=\"Texto_arial Texto_verdana\" style=\"text-align: justify;\"><span style=\"font-size: 10pt; font-family: verdana, geneva;\"><span style=\"font-size: 10pt;\">El Profesorado de Educaci\u00f3n Primaria tiene como objetivo la <strong>formaci\u00f3n de docentes competentes en la ense\u00f1anza en el Nivel Primario<\/strong> del sistema educativo. Esta idea de competencia abarca, no solo aspectos t\u00e9cnico pedag\u00f3gicos, sino tambi\u00e9n <strong>dimensiones \u00e9ticas y pol\u00edticas propias de un profesional comprometido con un ideal de ser humano y de sociedad<\/strong> en funci\u00f3n del cual opera un concepto de conocimiento que deviene en el norte de las acciones de formaci\u00f3n. En este sentido, consideramos que los fundamentos principales de nuestra tarea como formadores de formadores se encuentran en una <span style=\"color: #008080;\"><strong>concepci\u00f3n del saber como un proceso din\u00e1mico, abierto y flexible<\/strong><\/span> que demanda de sus actores una actitud creativa, participativa y colaborativa.\u00a0<\/span><\/span><\/p>\n<p class=\"Texto_arial Texto_verdana\" style=\"text-align: justify;\">\u00a0<span style=\"font-size: 10pt; font-family: verdana, geneva;\"><span style=\"font-size: 10pt;\">Los <strong>primeros a\u00f1os de la escolaridad<\/strong> constituyen una <strong>marca significativa<\/strong> en los modos de transitar las instituciones cuya especificidad consiste en la distribuci\u00f3n del conocimiento. Los modos de aprender que los alumnos interiorizan en sus tempranos contactos con sus maestros dejan una huella dif\u00edcil de borrar y <span style=\"color: #008080;\"><strong>sientan las bases de futuros intercambios en t\u00e9rminos de aprendizaje.<\/strong><\/span> De all\u00ed que sea sumamente importante que los profesionales de la educaci\u00f3n en el Nivel Primario transiten ellos mismos un proceso de formaci\u00f3n que los sit\u00fae cr\u00edticamente ante una realidad siempre cambiante y exigente de innovadores recursos de comunicaci\u00f3n en el aula.\u00a0<\/span><\/span><\/p>\n<p class=\"Texto_arial Texto_verdana\" style=\"text-align: justify;\"><span style=\"font-size: 10pt; font-family: verdana, geneva;\"><span style=\"font-size: 10pt;\">La propuesta de nuestro Instituto se apoya en una <strong>concepci\u00f3n integral de la formaci\u00f3n<\/strong> que intenta construir miradas complejas y enriquecidas sobre los pr\u00e1cticas de ense\u00f1anza a trav\u00e9s de un <strong>trabajo interdisciplinario de los diferentes espacios curriculares<\/strong>, con apoyo en el dominio de aspectos disciplinares y did\u00e1cticos y una perspectiva de <strong><span style=\"color: #008080;\">alumno que produce sus propios constructos explicativos<\/span><\/strong>, fundados, s\u00f3lidos y comprometidos con su realidad social.\u00a0<\/span><\/span><\/p>\n<p class=\"Texto_arial Texto_verdana\" style=\"text-align: justify;\"><span style=\"font-size: 10pt; font-family: verdana, geneva;\"><span style=\"font-size: 10pt;\">Bienvenidos a nuestro espacio de aprendizaje, los invitamos a conocer con m\u00e1s detalle la propuesta de nuestra instituci\u00f3n educativa.\u00a0<\/span><\/span><\/p>\n<p style=\"text-align: center;\">\n<p class=\"Texto_arial Texto_verdana\"><span style=\"font-size: 10pt;\"><span style=\"font-family: verdana, geneva; font-size: 10pt;\">\u00a0<\/span><\/span><\/p>\n<p style=\"text-align: center;\"><span style=\"color: #3a56c4; font-size: 12pt; font-family: 'arial black', 'avant garde';\"><strong>\u00a0<\/strong><\/span><\/p>\n","protected":false},"excerpt":{"rendered":"<p>Plan de Estudio Nuevo(1\u00ba y 2\u00ba a\u00f1o): Descargar DISE\u00d1O CURRICULAR \u00a0\u00a0 Res. Ministerial N\u00ba 1434\/5 &#8211; PEP Plan de Estudio Residual(3\u00ba y 4\u00ba a\u00f1o): Descargar DISE\u00d1O CURRICULAR\u00a0 \u00a0\u00a0\u00a0 Plan de estudios Residual El Profesorado de Educaci\u00f3n Primaria tiene como objetivo la formaci\u00f3n de docentes competentes en la ense\u00f1anza en el Nivel Primario del sistema educativo. &#8230; <a title=\"Profesorado de Educaci\u00f3n Primaria\" class=\"read-more\" href=\"https:\/\/9dejulio-tuc.infd.edu.ar\/sitio\/profesorado-de-educacion-primaria-2\/\" aria-label=\"More on Profesorado de Educaci\u00f3n Primaria\">[+]<\/a><\/p>\n","protected":false},"author":809,"featured_media":0,"parent":0,"menu_order":0,"comment_status":"closed","ping_status":"closed","template":"","meta":[],"acf":[],"_links":{"self":[{"href":"https:\/\/9dejulio-tuc.infd.edu.ar\/sitio\/wp-json\/wp\/v2\/pages\/795"}],"collection":[{"href":"https:\/\/9dejulio-tuc.infd.edu.ar\/sitio\/wp-json\/wp\/v2\/pages"}],"about":[{"href":"https:\/\/9dejulio-tuc.infd.edu.ar\/sitio\/wp-json\/wp\/v2\/types\/page"}],"author":[{"embeddable":true,"href":"https:\/\/9dejulio-tuc.infd.edu.ar\/sitio\/wp-json\/wp\/v2\/users\/809"}],"replies":[{"embeddable":true,"href":"https:\/\/9dejulio-tuc.infd.edu.ar\/sitio\/wp-json\/wp\/v2\/comments?post=795"}],"version-history":[{"count":2,"href":"https:\/\/9dejulio-tuc.infd.edu.ar\/sitio\/wp-json\/wp\/v2\/pages\/795\/revisions"}],"predecessor-version":[{"id":2594,"href":"https:\/\/9dejulio-tuc.infd.edu.ar\/sitio\/wp-json\/wp\/v2\/pages\/795\/revisions\/2594"}],"wp:attachment":[{"href":"https:\/\/9dejulio-tuc.infd.edu.ar\/sitio\/wp-json\/wp\/v2\/media?parent=795"}],"curies":[{"name":"wp","href":"https:\/\/api.w.org\/{rel}","templated":true}]}}