{"id":4654,"date":"2024-10-04T20:31:26","date_gmt":"2024-10-04T23:31:26","guid":{"rendered":"https:\/\/9dejulio-tuc.infd.edu.ar\/sitio\/?page_id=4654"},"modified":"2024-10-04T20:31:28","modified_gmt":"2024-10-04T23:31:28","slug":"mesas-de-examenes-especiales-2","status":"publish","type":"page","link":"https:\/\/9dejulio-tuc.infd.edu.ar\/sitio\/mesas-de-examenes-especiales-2\/","title":{"rendered":"Mesas de Ex\u00e1menes Especiales"},"content":{"rendered":"\n<figure class=\"wp-block-image size-full is-resized\"><img decoding=\"async\" loading=\"lazy\" src=\"https:\/\/9dejulio-tuc.infd.edu.ar\/sitio\/wp-content\/uploads\/2024\/10\/examen.png\" alt=\"\" class=\"wp-image-4656\" width=\"648\" height=\"283\"\/><\/figure>\n\n\n\n<p><strong>AQU\u00cd PODR\u00c0S VER LAS FECHAS DE EX\u00c0MENES<\/strong> &#8211;> <a href=\"https:\/\/docs.google.com\/spreadsheets\/d\/1rv9YJXzrReaIsQPjGeWto6g6iXv_vEz_nxDaWUJtELE\/edit?usp=sharing\">VER<\/a><\/p>\n\n\n\n<p><\/p>\n","protected":false},"excerpt":{"rendered":"<p>AQU\u00cd PODR\u00c0S VER LAS FECHAS DE EX\u00c0MENES &#8211;> VER<\/p>\n","protected":false},"author":837,"featured_media":0,"parent":0,"menu_order":0,"comment_status":"closed","ping_status":"closed","template":"","meta":[],"acf":[],"_links":{"self":[{"href":"https:\/\/9dejulio-tuc.infd.edu.ar\/sitio\/wp-json\/wp\/v2\/pages\/4654"}],"collection":[{"href":"https:\/\/9dejulio-tuc.infd.edu.ar\/sitio\/wp-json\/wp\/v2\/pages"}],"about":[{"href":"https:\/\/9dejulio-tuc.infd.edu.ar\/sitio\/wp-json\/wp\/v2\/types\/page"}],"author":[{"embeddable":true,"href":"https:\/\/9dejulio-tuc.infd.edu.ar\/sitio\/wp-json\/wp\/v2\/users\/837"}],"replies":[{"embeddable":true,"href":"https:\/\/9dejulio-tuc.infd.edu.ar\/sitio\/wp-json\/wp\/v2\/comments?post=4654"}],"version-history":[{"count":1,"href":"https:\/\/9dejulio-tuc.infd.edu.ar\/sitio\/wp-json\/wp\/v2\/pages\/4654\/revisions"}],"predecessor-version":[{"id":4657,"href":"https:\/\/9dejulio-tuc.infd.edu.ar\/sitio\/wp-json\/wp\/v2\/pages\/4654\/revisions\/4657"}],"wp:attachment":[{"href":"https:\/\/9dejulio-tuc.infd.edu.ar\/sitio\/wp-json\/wp\/v2\/media?parent=4654"}],"curies":[{"name":"wp","href":"https:\/\/api.w.org\/{rel}","templated":true}]}}