{"id":3869,"date":"2023-04-13T12:22:39","date_gmt":"2023-04-13T15:22:39","guid":{"rendered":"https:\/\/9dejulio-tuc.infd.edu.ar\/sitio\/?page_id=3869"},"modified":"2023-04-13T13:15:44","modified_gmt":"2023-04-13T16:15:44","slug":"examenes-de-abril","status":"publish","type":"page","link":"https:\/\/9dejulio-tuc.infd.edu.ar\/sitio\/examenes-de-abril\/","title":{"rendered":"Ex\u00e1menes de Abril"},"content":{"rendered":"\n<figure class=\"wp-block-image size-full is-resized\"><img decoding=\"async\" loading=\"lazy\" src=\"https:\/\/9dejulio-tuc.infd.edu.ar\/sitio\/wp-content\/uploads\/2023\/04\/examen.jpg\" alt=\"\" class=\"wp-image-3870\" width=\"474\" height=\"237\"\/><\/figure>\n\n\n\n<p>AQU\u00cd puedes consultar fechas de ex\u00e1menes <a href=\"https:\/\/docs.google.com\/spreadsheets\/d\/1D5bdTdufTka773FpR_f5kyGTa7xhZrPcizh12BNetmY\/edit?usp=sharing\">INGRESE<\/a><\/p>\n\n\n\n<p>Recuerde que <strong>puedes inscribirte 48 hs antes<\/strong> de la mesa correspondiente a rendir.<\/p>\n\n\n\n<p><strong>Condici\u00f3n necesaria:<\/strong><\/p>\n\n\n\n<p><strong>Tener pagada la matr\u00edcula 2023<br>Tener pagada la cuota de MARZO<\/strong><\/p>\n\n\n\n<p> ( s\u00f3lo en esta ocasi\u00f3n, ya que en las pr\u00f3ximas mesas debes tener pagada la cuota del mes de examen.)<\/p>\n","protected":false},"excerpt":{"rendered":"<p>AQU\u00cd puedes consultar fechas de ex\u00e1menes INGRESE Recuerde que puedes inscribirte 48 hs antes de la mesa correspondiente a rendir. Condici\u00f3n necesaria: Tener pagada la matr\u00edcula 2023Tener pagada la cuota de MARZO ( s\u00f3lo en esta ocasi\u00f3n, ya que en las pr\u00f3ximas mesas debes tener pagada la cuota del mes de examen.)<\/p>\n","protected":false},"author":837,"featured_media":0,"parent":0,"menu_order":0,"comment_status":"closed","ping_status":"closed","template":"","meta":[],"acf":[],"_links":{"self":[{"href":"https:\/\/9dejulio-tuc.infd.edu.ar\/sitio\/wp-json\/wp\/v2\/pages\/3869"}],"collection":[{"href":"https:\/\/9dejulio-tuc.infd.edu.ar\/sitio\/wp-json\/wp\/v2\/pages"}],"about":[{"href":"https:\/\/9dejulio-tuc.infd.edu.ar\/sitio\/wp-json\/wp\/v2\/types\/page"}],"author":[{"embeddable":true,"href":"https:\/\/9dejulio-tuc.infd.edu.ar\/sitio\/wp-json\/wp\/v2\/users\/837"}],"replies":[{"embeddable":true,"href":"https:\/\/9dejulio-tuc.infd.edu.ar\/sitio\/wp-json\/wp\/v2\/comments?post=3869"}],"version-history":[{"count":3,"href":"https:\/\/9dejulio-tuc.infd.edu.ar\/sitio\/wp-json\/wp\/v2\/pages\/3869\/revisions"}],"predecessor-version":[{"id":3879,"href":"https:\/\/9dejulio-tuc.infd.edu.ar\/sitio\/wp-json\/wp\/v2\/pages\/3869\/revisions\/3879"}],"wp:attachment":[{"href":"https:\/\/9dejulio-tuc.infd.edu.ar\/sitio\/wp-json\/wp\/v2\/media?parent=3869"}],"curies":[{"name":"wp","href":"https:\/\/api.w.org\/{rel}","templated":true}]}}