{"id":2104,"date":"2020-11-17T00:34:23","date_gmt":"2020-11-17T03:34:23","guid":{"rendered":"https:\/\/9dejulio-tuc.infd.edu.ar\/sitio\/?page_id=2104"},"modified":"2020-11-18T19:24:47","modified_gmt":"2020-11-18T22:24:47","slug":"partes-de-examenes-nov-dic-plan-residual","status":"publish","type":"page","link":"https:\/\/9dejulio-tuc.infd.edu.ar\/sitio\/partes-de-examenes-nov-dic-plan-residual\/","title":{"rendered":"Partes de Ex\u00e1menes PLAN RESIDUAL"},"content":{"rendered":"<h1><img decoding=\"async\" loading=\"lazy\" class=\"wp-image-2115 aligncenter\" src=\"https:\/\/9dejulio-tuc.infd.edu.ar\/sitio\/wp-content\/uploads\/2020\/11\/V2.jpg\" alt=\"\" width=\"397\" height=\"225\" srcset=\"https:\/\/9dejulio-tuc.infd.edu.ar\/sitio\/wp-content\/uploads\/2020\/11\/V2.jpg 800w, https:\/\/9dejulio-tuc.infd.edu.ar\/sitio\/wp-content\/uploads\/2020\/11\/V2-768x435.jpg 768w\" sizes=\"(max-width: 397px) 100vw, 397px\" \/><\/h1>\n<h1 style=\"text-align: center;\">PLAN RESIDUAL<\/h1>\n<p style=\"text-align: center;\"><strong>Estimados alumnos est\u00e1n disponibles los partes de ex\u00e1menes. <\/strong><\/p>\n<p style=\"text-align: center;\"><em>Elije la carrera y podr\u00e1s descargar el parte de ex\u00e1men correspondiente.<\/em><\/p>\n<p style=\"text-align: center;\"><a href=\"https:\/\/9dejulio-tuc.infd.edu.ar\/sitio\/wp-content\/uploads\/2020\/11\/Primaria-Residual.pdf\">PROF. EDUC. PRIMARIA<\/a><\/p>\n<p style=\"text-align: center;\"><a href=\"https:\/\/9dejulio-tuc.infd.edu.ar\/sitio\/wp-content\/uploads\/2020\/11\/Historia-Residual.pdf\">PROF. EN EDUC. SECUNDARIA DE HISTORIA<\/a><\/p>\n<p style=\"text-align: center;\"><a href=\"https:\/\/9dejulio-tuc.infd.edu.ar\/sitio\/wp-content\/uploads\/2020\/11\/Tenologia-Residual.pdf\">PROF. DE EDUCACI\u00d3N TECNOL\u00d3GICA<\/a><\/p>\n<p style=\"text-align: center;\"><a href=\"https:\/\/9dejulio-tuc.infd.edu.ar\/sitio\/wp-content\/uploads\/2020\/11\/Pymes-Residual.pdf\">PYMES<\/a><\/p>\n<h3 style=\"text-align: center;\">\u00a1\u00a1\u00c9xitos!!<\/h3>\n<p><img decoding=\"async\" loading=\"lazy\" class=\"wp-image-2163 aligncenter\" src=\"https:\/\/9dejulio-tuc.infd.edu.ar\/sitio\/wp-content\/uploads\/2020\/11\/WhatsApp-Image-2020-11-18-at-18.20.47-1000x380.jpeg\" alt=\"\" width=\"580\" height=\"221\" srcset=\"https:\/\/9dejulio-tuc.infd.edu.ar\/sitio\/wp-content\/uploads\/2020\/11\/WhatsApp-Image-2020-11-18-at-18.20.47-1000x380.jpeg 1000w, https:\/\/9dejulio-tuc.infd.edu.ar\/sitio\/wp-content\/uploads\/2020\/11\/WhatsApp-Image-2020-11-18-at-18.20.47-768x292.jpeg 768w, https:\/\/9dejulio-tuc.infd.edu.ar\/sitio\/wp-content\/uploads\/2020\/11\/WhatsApp-Image-2020-11-18-at-18.20.47.jpeg 1280w\" sizes=\"(max-width: 580px) 100vw, 580px\" \/><\/p>\n","protected":false},"excerpt":{"rendered":"<p>PLAN RESIDUAL Estimados alumnos est\u00e1n disponibles los partes de ex\u00e1menes. Elije la carrera y podr\u00e1s descargar el parte de ex\u00e1men correspondiente. PROF. EDUC. PRIMARIA PROF. EN EDUC. SECUNDARIA DE HISTORIA PROF. DE EDUCACI\u00d3N TECNOL\u00d3GICA PYMES \u00a1\u00a1\u00c9xitos!!<\/p>\n","protected":false},"author":837,"featured_media":0,"parent":0,"menu_order":0,"comment_status":"closed","ping_status":"closed","template":"","meta":[],"acf":[],"_links":{"self":[{"href":"https:\/\/9dejulio-tuc.infd.edu.ar\/sitio\/wp-json\/wp\/v2\/pages\/2104"}],"collection":[{"href":"https:\/\/9dejulio-tuc.infd.edu.ar\/sitio\/wp-json\/wp\/v2\/pages"}],"about":[{"href":"https:\/\/9dejulio-tuc.infd.edu.ar\/sitio\/wp-json\/wp\/v2\/types\/page"}],"author":[{"embeddable":true,"href":"https:\/\/9dejulio-tuc.infd.edu.ar\/sitio\/wp-json\/wp\/v2\/users\/837"}],"replies":[{"embeddable":true,"href":"https:\/\/9dejulio-tuc.infd.edu.ar\/sitio\/wp-json\/wp\/v2\/comments?post=2104"}],"version-history":[{"count":14,"href":"https:\/\/9dejulio-tuc.infd.edu.ar\/sitio\/wp-json\/wp\/v2\/pages\/2104\/revisions"}],"predecessor-version":[{"id":2166,"href":"https:\/\/9dejulio-tuc.infd.edu.ar\/sitio\/wp-json\/wp\/v2\/pages\/2104\/revisions\/2166"}],"wp:attachment":[{"href":"https:\/\/9dejulio-tuc.infd.edu.ar\/sitio\/wp-json\/wp\/v2\/media?parent=2104"}],"curies":[{"name":"wp","href":"https:\/\/api.w.org\/{rel}","templated":true}]}}