{"id":2095,"date":"2020-11-17T00:27:32","date_gmt":"2020-11-17T03:27:32","guid":{"rendered":"https:\/\/9dejulio-tuc.infd.edu.ar\/sitio\/?page_id=2095"},"modified":"2020-11-18T19:24:03","modified_gmt":"2020-11-18T22:24:03","slug":"partes-de-examenes-nov-dic","status":"publish","type":"page","link":"https:\/\/9dejulio-tuc.infd.edu.ar\/sitio\/partes-de-examenes-nov-dic\/","title":{"rendered":"Partes de Ex\u00e1menes PLAN NUEVO"},"content":{"rendered":"<h1><img decoding=\"async\" loading=\"lazy\" class=\"wp-image-2117 aligncenter\" src=\"https:\/\/9dejulio-tuc.infd.edu.ar\/sitio\/wp-content\/uploads\/2020\/11\/informatica-conteudo-pagina-1000x467.jpg\" alt=\"\" width=\"523\" height=\"245\" srcset=\"https:\/\/9dejulio-tuc.infd.edu.ar\/sitio\/wp-content\/uploads\/2020\/11\/informatica-conteudo-pagina-1000x467.jpg 1000w, https:\/\/9dejulio-tuc.infd.edu.ar\/sitio\/wp-content\/uploads\/2020\/11\/informatica-conteudo-pagina-768x358.jpg 768w, https:\/\/9dejulio-tuc.infd.edu.ar\/sitio\/wp-content\/uploads\/2020\/11\/informatica-conteudo-pagina.jpg 1500w\" sizes=\"(max-width: 523px) 100vw, 523px\" \/><\/h1>\n<h1 style=\"text-align: center;\">PLAN NUEVO<\/h1>\n<p style=\"text-align: center;\"><strong>Estimados alumnos est\u00e1n disponibles los partes de ex\u00e1menes. <\/strong><\/p>\n<p style=\"text-align: center;\"><em>Elije la carrera y podr\u00e1s descargar el parte de ex\u00e1men correspondiente.<\/em><\/p>\n<p style=\"text-align: center;\"><a href=\"https:\/\/9dejulio-tuc.infd.edu.ar\/sitio\/wp-content\/uploads\/2020\/11\/primaria.pdf\">PROF. EDUC. PRIMARIA<\/a><\/p>\n<p style=\"text-align: center;\"><a href=\"https:\/\/9dejulio-tuc.infd.edu.ar\/sitio\/wp-content\/uploads\/2020\/11\/Historia.pdf\">PROF. EN EDUC. SECUNDARIA DE HISTORIA<\/a><\/p>\n<p style=\"text-align: center;\"><a href=\"https:\/\/9dejulio-tuc.infd.edu.ar\/sitio\/wp-content\/uploads\/2020\/11\/Tecnologia.pdf\">PROF. DE EDUCACI\u00d3N TECNOL\u00d3GICA<\/a><\/p>\n<p style=\"text-align: center;\"><a href=\"https:\/\/9dejulio-tuc.infd.edu.ar\/sitio\/wp-content\/uploads\/2020\/11\/Administracion.pdf\">TEC. SUP. ADMINISTRACI\u00d3N DE EMPRESAS<\/a><\/p>\n<p style=\"text-align: center;\"><a href=\"https:\/\/9dejulio-tuc.infd.edu.ar\/sitio\/wp-content\/uploads\/2020\/11\/Tec-Desarrollo-de-Softwre.pdf\">TEC. SUP. DESARROLLO DE SOFTWARE<\/a><\/p>\n<h3 style=\"text-align: center;\">\u00a1\u00a1\u00c9xitos!!<\/h3>\n<p><img decoding=\"async\" loading=\"lazy\" class=\"wp-image-2163 aligncenter\" src=\"https:\/\/9dejulio-tuc.infd.edu.ar\/sitio\/wp-content\/uploads\/2020\/11\/WhatsApp-Image-2020-11-18-at-18.20.47-1000x380.jpeg\" alt=\"\" width=\"587\" height=\"223\" srcset=\"https:\/\/9dejulio-tuc.infd.edu.ar\/sitio\/wp-content\/uploads\/2020\/11\/WhatsApp-Image-2020-11-18-at-18.20.47-1000x380.jpeg 1000w, https:\/\/9dejulio-tuc.infd.edu.ar\/sitio\/wp-content\/uploads\/2020\/11\/WhatsApp-Image-2020-11-18-at-18.20.47-768x292.jpeg 768w, https:\/\/9dejulio-tuc.infd.edu.ar\/sitio\/wp-content\/uploads\/2020\/11\/WhatsApp-Image-2020-11-18-at-18.20.47.jpeg 1280w\" sizes=\"(max-width: 587px) 100vw, 587px\" \/><\/p>\n","protected":false},"excerpt":{"rendered":"<p>PLAN NUEVO Estimados alumnos est\u00e1n disponibles los partes de ex\u00e1menes. Elije la carrera y podr\u00e1s descargar el parte de ex\u00e1men correspondiente. PROF. EDUC. PRIMARIA PROF. EN EDUC. SECUNDARIA DE HISTORIA PROF. DE EDUCACI\u00d3N TECNOL\u00d3GICA TEC. SUP. ADMINISTRACI\u00d3N DE EMPRESAS TEC. SUP. DESARROLLO DE SOFTWARE \u00a1\u00a1\u00c9xitos!!<\/p>\n","protected":false},"author":837,"featured_media":0,"parent":0,"menu_order":0,"comment_status":"closed","ping_status":"closed","template":"","meta":[],"acf":[],"_links":{"self":[{"href":"https:\/\/9dejulio-tuc.infd.edu.ar\/sitio\/wp-json\/wp\/v2\/pages\/2095"}],"collection":[{"href":"https:\/\/9dejulio-tuc.infd.edu.ar\/sitio\/wp-json\/wp\/v2\/pages"}],"about":[{"href":"https:\/\/9dejulio-tuc.infd.edu.ar\/sitio\/wp-json\/wp\/v2\/types\/page"}],"author":[{"embeddable":true,"href":"https:\/\/9dejulio-tuc.infd.edu.ar\/sitio\/wp-json\/wp\/v2\/users\/837"}],"replies":[{"embeddable":true,"href":"https:\/\/9dejulio-tuc.infd.edu.ar\/sitio\/wp-json\/wp\/v2\/comments?post=2095"}],"version-history":[{"count":8,"href":"https:\/\/9dejulio-tuc.infd.edu.ar\/sitio\/wp-json\/wp\/v2\/pages\/2095\/revisions"}],"predecessor-version":[{"id":2165,"href":"https:\/\/9dejulio-tuc.infd.edu.ar\/sitio\/wp-json\/wp\/v2\/pages\/2095\/revisions\/2165"}],"wp:attachment":[{"href":"https:\/\/9dejulio-tuc.infd.edu.ar\/sitio\/wp-json\/wp\/v2\/media?parent=2095"}],"curies":[{"name":"wp","href":"https:\/\/api.w.org\/{rel}","templated":true}]}}