{"id":1952,"date":"2020-08-25T16:04:38","date_gmt":"2020-08-25T19:04:38","guid":{"rendered":"https:\/\/9dejulio-tuc.infd.edu.ar\/sitio\/?page_id=1952"},"modified":"2022-08-13T00:44:34","modified_gmt":"2022-08-13T03:44:34","slug":"programas-para-rendir","status":"publish","type":"page","link":"https:\/\/9dejulio-tuc.infd.edu.ar\/sitio\/programas-para-rendir\/","title":{"rendered":"Programas 2019-2020"},"content":{"rendered":"<p><img decoding=\"async\" loading=\"lazy\" class=\"size-full wp-image-1959 aligncenter\" src=\"https:\/\/9dejulio-tuc.infd.edu.ar\/sitio\/wp-content\/uploads\/2020\/08\/EXA1.jpg\" alt=\"\" width=\"299\" height=\"168\"><\/p>\n<p style=\"text-align: center;\">Ingrese seg\u00fan la carrera para obtener el programa de la materia que desea rendir<\/p>\n<p style=\"text-align: center;\"><a href=\"https:\/\/drive.google.com\/drive\/folders\/1jPWYcWkvMBFnScusmi5032xRl9toHmXG?usp=sharing\">PROF. EDUC. PRIMARIA<\/a><\/p>\n<p style=\"text-align: center;\"><a href=\"https:\/\/drive.google.com\/drive\/folders\/1cLQyTwt_AFnb2In6glFEeGtm02RskXIG?usp=sharing\">PROF. EN EDUC. SECUNDARIA DE HISTORIA<\/a><\/p>\n<p style=\"text-align: center;\"><a href=\"https:\/\/drive.google.com\/drive\/folders\/1HsU7cZTOgf-1zV7aa8vUqW2_w9O5xfMy?usp=sharing\">PROF. DE EDUCACI\u00d3N TECNOL\u00d3GICA<\/a><\/p>\n<p style=\"text-align: center;\"><a href=\"https:\/\/drive.google.com\/drive\/folders\/12yxUF-tA8pqNdo24SBK6s1R26NfLEhf1?usp=sharing\">TEC. SUP. ADMINISTRACI\u00d3N DE EMPRESAS<\/a><\/p>\n<p style=\"text-align: center;\"><a href=\"https:\/\/drive.google.com\/drive\/folders\/1xmABAgiZIV3bCE9X8UNOvrE5aTWxxZvZ?usp=sharing\">TEC. SUP. DESARROLLO DE SOFTWARE<\/a><\/p>\n<p style=\"text-align: center;\">\u00a1\u00a1\u00c9XITOS!!<\/p>\n","protected":false},"excerpt":{"rendered":"<p>Ingrese seg\u00fan la carrera para obtener el programa de la materia que desea rendir PROF. EDUC. PRIMARIA PROF. EN EDUC. SECUNDARIA DE HISTORIA PROF. DE EDUCACI\u00d3N TECNOL\u00d3GICA TEC. SUP. ADMINISTRACI\u00d3N DE EMPRESAS TEC. SUP. DESARROLLO DE SOFTWARE \u00a1\u00a1\u00c9XITOS!!<\/p>\n","protected":false},"author":837,"featured_media":0,"parent":0,"menu_order":0,"comment_status":"closed","ping_status":"closed","template":"","meta":[],"acf":[],"_links":{"self":[{"href":"https:\/\/9dejulio-tuc.infd.edu.ar\/sitio\/wp-json\/wp\/v2\/pages\/1952"}],"collection":[{"href":"https:\/\/9dejulio-tuc.infd.edu.ar\/sitio\/wp-json\/wp\/v2\/pages"}],"about":[{"href":"https:\/\/9dejulio-tuc.infd.edu.ar\/sitio\/wp-json\/wp\/v2\/types\/page"}],"author":[{"embeddable":true,"href":"https:\/\/9dejulio-tuc.infd.edu.ar\/sitio\/wp-json\/wp\/v2\/users\/837"}],"replies":[{"embeddable":true,"href":"https:\/\/9dejulio-tuc.infd.edu.ar\/sitio\/wp-json\/wp\/v2\/comments?post=1952"}],"version-history":[{"count":6,"href":"https:\/\/9dejulio-tuc.infd.edu.ar\/sitio\/wp-json\/wp\/v2\/pages\/1952\/revisions"}],"predecessor-version":[{"id":3082,"href":"https:\/\/9dejulio-tuc.infd.edu.ar\/sitio\/wp-json\/wp\/v2\/pages\/1952\/revisions\/3082"}],"wp:attachment":[{"href":"https:\/\/9dejulio-tuc.infd.edu.ar\/sitio\/wp-json\/wp\/v2\/media?parent=1952"}],"curies":[{"name":"wp","href":"https:\/\/api.w.org\/{rel}","templated":true}]}}