{"id":1137,"date":"2018-11-07T21:00:57","date_gmt":"2018-11-08T00:00:57","guid":{"rendered":"https:\/\/9dejulio-tuc.infd.edu.ar\/sitio\/?page_id=1137"},"modified":"2018-11-07T21:00:57","modified_gmt":"2018-11-08T00:00:57","slug":"muestra-adm-de-empresas","status":"publish","type":"page","link":"https:\/\/9dejulio-tuc.infd.edu.ar\/sitio\/muestra-adm-de-empresas\/","title":{"rendered":"Muestra Adm. de Empresas"},"content":{"rendered":"<p><b>T\u00e9cnico<\/b><strong>\u00a0Superior en Administraci\u00f3n de Empresas<\/strong><\/p>\n<p>Mi\u00e9rcoles 31 de Octubre de 2018<\/p>\n<p>19:00 a 21:00 Estad\u00edstica en la investigaci\u00f3n\u00a0Propuesta del Espacio Curricular: Estad\u00edstica -2\u00b0 a\u00f1o.<br \/>\nDocente Responsable: Prof. Norma Abreg<\/p>\n<div id=\"metaslider-id-1108\" style=\"max-width: 1100px; margin: 0 auto;\" class=\"ml-slider-3-33-0 metaslider metaslider-flex metaslider-1108 ml-slider ms-theme-default\" role=\"region\" aria-roledescription=\"Slideshow\" aria-label=\"Slideshow\">\n    <div id=\"metaslider_container_1108\">\n        <div id=\"metaslider_1108\" class=\"flexslider\">\n            <ul aria-live=\"polite\" class=\"slides\">\n                <li style=\"display: block; width: 100%;\" class=\"slide-1144 ms-image\" aria-roledescription=\"slide\" aria-label=\"slide-1144\"><img width=\"1040\" height=\"780\" src=\"https:\/\/9dejulio-tuc.infd.edu.ar\/sitio\/wp-content\/uploads\/2018\/11\/WhatsApp-Image-2018-10-31-at-20.46.56.jpeg\" class=\"slider-1108 slide-1144\" alt=\"\" decoding=\"async\" loading=\"lazy\" rel=\"\" title=\"WhatsApp Image 2018-10-31 at 20.46.56\" style=\"margin: 0 auto; width: 66.666666666667%\" srcset=\"https:\/\/9dejulio-tuc.infd.edu.ar\/sitio\/wp-content\/uploads\/2018\/11\/WhatsApp-Image-2018-10-31-at-20.46.56.jpeg 1040w, https:\/\/9dejulio-tuc.infd.edu.ar\/sitio\/wp-content\/uploads\/2018\/11\/WhatsApp-Image-2018-10-31-at-20.46.56-1000x750.jpeg 1000w, https:\/\/9dejulio-tuc.infd.edu.ar\/sitio\/wp-content\/uploads\/2018\/11\/WhatsApp-Image-2018-10-31-at-20.46.56-768x576.jpeg 768w\" sizes=\"(max-width: 1040px) 100vw, 1040px\" \/><\/li>\n                <li style=\"display: none; width: 100%;\" class=\"slide-1146 ms-image\" aria-roledescription=\"slide\" aria-label=\"slide-1146\"><img width=\"1040\" height=\"780\" src=\"https:\/\/9dejulio-tuc.infd.edu.ar\/sitio\/wp-content\/uploads\/2018\/11\/WhatsApp-Image-2018-10-31-at-20.46.59.jpeg\" class=\"slider-1108 slide-1146\" alt=\"\" decoding=\"async\" loading=\"lazy\" rel=\"\" title=\"WhatsApp Image 2018-10-31 at 20.46.59\" style=\"margin: 0 auto; width: 66.666666666667%\" srcset=\"https:\/\/9dejulio-tuc.infd.edu.ar\/sitio\/wp-content\/uploads\/2018\/11\/WhatsApp-Image-2018-10-31-at-20.46.59.jpeg 1040w, https:\/\/9dejulio-tuc.infd.edu.ar\/sitio\/wp-content\/uploads\/2018\/11\/WhatsApp-Image-2018-10-31-at-20.46.59-1000x750.jpeg 1000w, https:\/\/9dejulio-tuc.infd.edu.ar\/sitio\/wp-content\/uploads\/2018\/11\/WhatsApp-Image-2018-10-31-at-20.46.59-768x576.jpeg 768w\" sizes=\"(max-width: 1040px) 100vw, 1040px\" \/><\/li>\n                <li style=\"display: none; width: 100%;\" class=\"slide-1145 ms-image\" aria-roledescription=\"slide\" aria-label=\"slide-1145\"><img width=\"1040\" height=\"780\" src=\"https:\/\/9dejulio-tuc.infd.edu.ar\/sitio\/wp-content\/uploads\/2018\/11\/WhatsApp-Image-2018-10-31-at-20.46.57.jpeg\" class=\"slider-1108 slide-1145\" alt=\"\" decoding=\"async\" loading=\"lazy\" rel=\"\" title=\"WhatsApp Image 2018-10-31 at 20.46.57\" style=\"margin: 0 auto; width: 66.666666666667%\" srcset=\"https:\/\/9dejulio-tuc.infd.edu.ar\/sitio\/wp-content\/uploads\/2018\/11\/WhatsApp-Image-2018-10-31-at-20.46.57.jpeg 1040w, https:\/\/9dejulio-tuc.infd.edu.ar\/sitio\/wp-content\/uploads\/2018\/11\/WhatsApp-Image-2018-10-31-at-20.46.57-1000x750.jpeg 1000w, https:\/\/9dejulio-tuc.infd.edu.ar\/sitio\/wp-content\/uploads\/2018\/11\/WhatsApp-Image-2018-10-31-at-20.46.57-768x576.jpeg 768w\" sizes=\"(max-width: 1040px) 100vw, 1040px\" \/><\/li>\n                <li style=\"display: none; width: 100%;\" class=\"slide-1148 ms-image\" aria-roledescription=\"slide\" aria-label=\"slide-1148\"><img width=\"1040\" height=\"780\" src=\"https:\/\/9dejulio-tuc.infd.edu.ar\/sitio\/wp-content\/uploads\/2018\/11\/WhatsApp-Image-2018-10-31-at-20.47.03.jpeg\" class=\"slider-1108 slide-1148\" alt=\"\" decoding=\"async\" loading=\"lazy\" rel=\"\" title=\"WhatsApp Image 2018-10-31 at 20.47.03\" style=\"margin: 0 auto; width: 66.666666666667%\" srcset=\"https:\/\/9dejulio-tuc.infd.edu.ar\/sitio\/wp-content\/uploads\/2018\/11\/WhatsApp-Image-2018-10-31-at-20.47.03.jpeg 1040w, https:\/\/9dejulio-tuc.infd.edu.ar\/sitio\/wp-content\/uploads\/2018\/11\/WhatsApp-Image-2018-10-31-at-20.47.03-1000x750.jpeg 1000w, https:\/\/9dejulio-tuc.infd.edu.ar\/sitio\/wp-content\/uploads\/2018\/11\/WhatsApp-Image-2018-10-31-at-20.47.03-768x576.jpeg 768w\" sizes=\"(max-width: 1040px) 100vw, 1040px\" \/><\/li>\n                <li style=\"display: none; width: 100%;\" class=\"slide-1147 ms-image\" aria-roledescription=\"slide\" aria-label=\"slide-1147\"><img width=\"780\" height=\"1040\" src=\"https:\/\/9dejulio-tuc.infd.edu.ar\/sitio\/wp-content\/uploads\/2018\/11\/WhatsApp-Image-2018-10-31-at-20.47.02.jpeg\" class=\"slider-1108 slide-1147\" alt=\"\" decoding=\"async\" loading=\"lazy\" rel=\"\" title=\"WhatsApp Image 2018-10-31 at 20.47.02\" style=\"margin: 0 auto; width: 37.5%\" srcset=\"https:\/\/9dejulio-tuc.infd.edu.ar\/sitio\/wp-content\/uploads\/2018\/11\/WhatsApp-Image-2018-10-31-at-20.47.02.jpeg 780w, https:\/\/9dejulio-tuc.infd.edu.ar\/sitio\/wp-content\/uploads\/2018\/11\/WhatsApp-Image-2018-10-31-at-20.47.02-750x1000.jpeg 750w, https:\/\/9dejulio-tuc.infd.edu.ar\/sitio\/wp-content\/uploads\/2018\/11\/WhatsApp-Image-2018-10-31-at-20.47.02-768x1024.jpeg 768w\" sizes=\"(max-width: 780px) 100vw, 780px\" \/><\/li>\n            <\/ul>\n        <\/div>\n        \n    <\/div>\n<\/div>\n<p>&nbsp;<\/p>\n","protected":false},"excerpt":{"rendered":"<p>T\u00e9cnico\u00a0Superior en Administraci\u00f3n de Empresas Mi\u00e9rcoles 31 de Octubre de 2018 19:00 a 21:00 Estad\u00edstica en la investigaci\u00f3n\u00a0Propuesta del Espacio Curricular: Estad\u00edstica -2\u00b0 a\u00f1o. Docente Responsable: Prof. Norma Abreg &nbsp;<\/p>\n","protected":false},"author":842,"featured_media":0,"parent":0,"menu_order":0,"comment_status":"closed","ping_status":"closed","template":"","meta":[],"acf":[],"_links":{"self":[{"href":"https:\/\/9dejulio-tuc.infd.edu.ar\/sitio\/wp-json\/wp\/v2\/pages\/1137"}],"collection":[{"href":"https:\/\/9dejulio-tuc.infd.edu.ar\/sitio\/wp-json\/wp\/v2\/pages"}],"about":[{"href":"https:\/\/9dejulio-tuc.infd.edu.ar\/sitio\/wp-json\/wp\/v2\/types\/page"}],"author":[{"embeddable":true,"href":"https:\/\/9dejulio-tuc.infd.edu.ar\/sitio\/wp-json\/wp\/v2\/users\/842"}],"replies":[{"embeddable":true,"href":"https:\/\/9dejulio-tuc.infd.edu.ar\/sitio\/wp-json\/wp\/v2\/comments?post=1137"}],"version-history":[{"count":2,"href":"https:\/\/9dejulio-tuc.infd.edu.ar\/sitio\/wp-json\/wp\/v2\/pages\/1137\/revisions"}],"predecessor-version":[{"id":1149,"href":"https:\/\/9dejulio-tuc.infd.edu.ar\/sitio\/wp-json\/wp\/v2\/pages\/1137\/revisions\/1149"}],"wp:attachment":[{"href":"https:\/\/9dejulio-tuc.infd.edu.ar\/sitio\/wp-json\/wp\/v2\/media?parent=1137"}],"curies":[{"name":"wp","href":"https:\/\/api.w.org\/{rel}","templated":true}]}}